{"id":245858,"date":"2023-10-23T18:50:24","date_gmt":"2023-10-23T18:50:24","guid":{"rendered":"https:\/\/promoslogitech.com\/mes-madres\/?post_type=product&#038;p=245858"},"modified":"2024-01-16T19:56:07","modified_gmt":"2024-01-16T19:56:07","slug":"brio-500-grafito","status":"publish","type":"product","link":"https:\/\/promoslogitech.com\/mes-madres\/producto\/brio-500-grafito\/","title":{"rendered":"Brio 500 Grafito"},"content":{"rendered":"<ul class=\"specs-description-list\">\n<li>C\u00e1mara web Full HD 1080p con correcci\u00f3n de iluminaci\u00f3n, encuadre autom\u00e1tico y Show Mode.<\/li>\n<li>La correcci\u00f3n autom\u00e1tica de la iluminaci\u00f3n y los micr\u00f3fonos con reducci\u00f3n de ruido aseguran que te veas y suenes claro y natural en cada reuni\u00f3n.<\/li>\n<li>Con RightLight 4, que se ajusta autom\u00e1ticamente a tu entorno para que est\u00e9s bien iluminado.<\/li>\n<li>Micr\u00f3fonos con reducci\u00f3n de ruido que filtran el sonido de fondo y mejoran tu voz.<\/li>\n<\/ul>\n","protected":false},"excerpt":{"rendered":"<p>C\u00e1mara web Full HD 1080p con correcci\u00f3n de iluminaci\u00f3n, encuadre autom\u00e1tico y Show Mode. La correcci\u00f3n autom\u00e1tica de la iluminaci\u00f3n y los micr\u00f3fonos con reducci\u00f3n de ruido aseguran que te veas y suenes claro y natural en cada reuni\u00f3n. Con RightLight 4, que se ajusta autom\u00e1ticamente a tu entorno para que est\u00e9s bien iluminado. Micr\u00f3fonos [&hellip;]<\/p>\n","protected":false},"featured_media":245854,"comment_status":"open","ping_status":"closed","template":"","meta":{"_et_pb_use_builder":"on","_et_pb_old_content":"<ul class=\"specs-description-list\">\r\n \t<li>C\u00e1mara web Full HD 1080p con correcci\u00f3n de iluminaci\u00f3n, encuadre autom\u00e1tico y Show Mode.<\/li>\r\n \t<li>La correcci\u00f3n autom\u00e1tica de la iluminaci\u00f3n y los micr\u00f3fonos con reducci\u00f3n de ruido aseguran que te veas y suenes claro y natural en cada reuni\u00f3n.<\/li>\r\n \t<li>Con RightLight 4, que se ajusta autom\u00e1ticamente a tu entorno para que est\u00e9s bien iluminado.<\/li>\r\n \t<li>Micr\u00f3fonos con reducci\u00f3n de ruido que filtran el sonido de fondo y mejoran tu voz.<\/li>\r\n<\/ul>","_et_gb_content_width":""},"product_cat":[78,82],"product_tag":[],"class_list":{"0":"post-245858","1":"product","2":"type-product","3":"status-publish","4":"has-post-thumbnail","6":"product_cat-estilo","7":"product_cat-productividad","9":"first","10":"instock","11":"shipping-taxable","12":"product-type-simple"},"_links":{"self":[{"href":"https:\/\/promoslogitech.com\/mes-madres\/wp-json\/wp\/v2\/product\/245858"}],"collection":[{"href":"https:\/\/promoslogitech.com\/mes-madres\/wp-json\/wp\/v2\/product"}],"about":[{"href":"https:\/\/promoslogitech.com\/mes-madres\/wp-json\/wp\/v2\/types\/product"}],"replies":[{"embeddable":true,"href":"https:\/\/promoslogitech.com\/mes-madres\/wp-json\/wp\/v2\/comments?post=245858"}],"wp:featuredmedia":[{"embeddable":true,"href":"https:\/\/promoslogitech.com\/mes-madres\/wp-json\/wp\/v2\/media\/245854"}],"wp:attachment":[{"href":"https:\/\/promoslogitech.com\/mes-madres\/wp-json\/wp\/v2\/media?parent=245858"}],"wp:term":[{"taxonomy":"product_cat","embeddable":true,"href":"https:\/\/promoslogitech.com\/mes-madres\/wp-json\/wp\/v2\/product_cat?post=245858"},{"taxonomy":"product_tag","embeddable":true,"href":"https:\/\/promoslogitech.com\/mes-madres\/wp-json\/wp\/v2\/product_tag?post=245858"}],"curies":[{"name":"wp","href":"https:\/\/api.w.org\/{rel}","templated":true}]}}