{"id":246598,"date":"2023-11-13T16:28:08","date_gmt":"2023-11-13T16:28:08","guid":{"rendered":"https:\/\/promoslogitech.com\/guia-regalos\/?post_type=product&#038;p=246598"},"modified":"2024-11-08T20:03:38","modified_gmt":"2024-11-08T20:03:38","slug":"boom-3-azul","status":"publish","type":"product","link":"https:\/\/promoslogitech.com\/guia-regalos\/producto\/boom-3-azul\/","title":{"rendered":"Boom 3 Azul"},"content":{"rendered":"<ul>\n<li>Altavoz Bluetooth\u00ae inal\u00e1mbrico y superport\u00e1til:<\/li>\n<li>Sonido de 360\u00b0 equilibrado<\/li>\n<li>Resistente al polvo y las ca\u00eddas<\/li>\n<li>Energ\u00eda para darte m\u00fasica durante 20 horas** con una sola carga.<\/li>\n<\/ul>\n","protected":false},"excerpt":{"rendered":"<p>Altavoz Bluetooth\u00ae inal\u00e1mbrico y superport\u00e1til: Sonido de 360\u00b0 equilibrado Resistente al polvo y las ca\u00eddas Energ\u00eda para darte m\u00fasica durante 20 horas** con una sola carga.<\/p>\n","protected":false},"featured_media":246599,"comment_status":"open","ping_status":"closed","template":"","meta":{"_acf_changed":false},"product_cat":[73],"product_tag":[],"class_list":{"0":"post-246598","1":"product","2":"type-product","3":"status-publish","4":"has-post-thumbnail","6":"product_cat-music","8":"first","9":"instock","10":"shipping-taxable","11":"product-type-simple"},"acf":[],"_links":{"self":[{"href":"https:\/\/promoslogitech.com\/guia-regalos\/wp-json\/wp\/v2\/product\/246598","targetHints":{"allow":["GET"]}}],"collection":[{"href":"https:\/\/promoslogitech.com\/guia-regalos\/wp-json\/wp\/v2\/product"}],"about":[{"href":"https:\/\/promoslogitech.com\/guia-regalos\/wp-json\/wp\/v2\/types\/product"}],"replies":[{"embeddable":true,"href":"https:\/\/promoslogitech.com\/guia-regalos\/wp-json\/wp\/v2\/comments?post=246598"}],"version-history":[{"count":1,"href":"https:\/\/promoslogitech.com\/guia-regalos\/wp-json\/wp\/v2\/product\/246598\/revisions"}],"predecessor-version":[{"id":248708,"href":"https:\/\/promoslogitech.com\/guia-regalos\/wp-json\/wp\/v2\/product\/246598\/revisions\/248708"}],"wp:featuredmedia":[{"embeddable":true,"href":"https:\/\/promoslogitech.com\/guia-regalos\/wp-json\/wp\/v2\/media\/246599"}],"wp:attachment":[{"href":"https:\/\/promoslogitech.com\/guia-regalos\/wp-json\/wp\/v2\/media?parent=246598"}],"wp:term":[{"taxonomy":"product_cat","embeddable":true,"href":"https:\/\/promoslogitech.com\/guia-regalos\/wp-json\/wp\/v2\/product_cat?post=246598"},{"taxonomy":"product_tag","embeddable":true,"href":"https:\/\/promoslogitech.com\/guia-regalos\/wp-json\/wp\/v2\/product_tag?post=246598"}],"curies":[{"name":"wp","href":"https:\/\/api.w.org\/{rel}","templated":true}]}}